{"id":2007,"date":"2024-03-11T14:20:37","date_gmt":"2024-03-11T13:20:37","guid":{"rendered":"https:\/\/kfumcentral.se\/mabast\/?page_id=2007"},"modified":"2024-03-15T14:08:41","modified_gmt":"2024-03-15T13:08:41","slug":"ma-bast-2","status":"publish","type":"page","link":"https:\/\/kfumcentral.se\/mabast\/ma-bast-2\/","title":{"rendered":"Att M\u00e5 b\u00e4st"},"content":{"rendered":"","protected":false},"excerpt":{"rendered":"","protected":false},"author":62,"featured_media":0,"parent":0,"menu_order":0,"comment_status":"closed","ping_status":"closed","template":"","meta":{"_acf_changed":false,"inline_featured_image":false,"_monsterinsights_skip_tracking":false,"_monsterinsights_sitenote_active":false,"_monsterinsights_sitenote_note":"","_monsterinsights_sitenote_category":0,"footnotes":""},"class_list":["post-2007","page","type-page","status-publish","hentry"],"acf":[],"yoast_head":"<!-- This site is optimized with the Yoast SEO plugin v27.4 - https:\/\/yoast.com\/product\/yoast-seo-wordpress\/ -->\n<title>Att M\u00e5 b\u00e4st - KFUM Central - M\u00e5 b\u00e4st<\/title>\n<meta name=\"robots\" content=\"index, follow, max-snippet:-1, max-image-preview:large, max-video-preview:-1\" \/>\n<link rel=\"canonical\" href=\"https:\/\/kfumcentral.se\/mabast\/ma-bast-2\/\" \/>\n<meta property=\"og:locale\" content=\"sv_SE\" \/>\n<meta property=\"og:type\" content=\"article\" \/>\n<meta property=\"og:title\" content=\"Att M\u00e5 b\u00e4st - KFUM Central - M\u00e5 b\u00e4st\" \/>\n<meta property=\"og:url\" content=\"https:\/\/kfumcentral.se\/mabast\/ma-bast-2\/\" \/>\n<meta property=\"og:site_name\" content=\"KFUM Central - M\u00e5 b\u00e4st\" \/>\n<meta property=\"article:modified_time\" content=\"2024-03-15T13:08:41+00:00\" \/>\n<meta name=\"twitter:card\" content=\"summary_large_image\" \/>\n<script type=\"application\/ld+json\" class=\"yoast-schema-graph\">{\"@context\":\"https:\\\/\\\/schema.org\",\"@graph\":[{\"@type\":\"WebPage\",\"@id\":\"https:\\\/\\\/kfumcentral.se\\\/mabast\\\/ma-bast-2\\\/\",\"url\":\"https:\\\/\\\/kfumcentral.se\\\/mabast\\\/ma-bast-2\\\/\",\"name\":\"Att M\u00e5 b\u00e4st - KFUM Central - M\u00e5 b\u00e4st\",\"isPartOf\":{\"@id\":\"https:\\\/\\\/kfumcentral.se\\\/mabast\\\/#website\"},\"datePublished\":\"2024-03-11T13:20:37+00:00\",\"dateModified\":\"2024-03-15T13:08:41+00:00\",\"breadcrumb\":{\"@id\":\"https:\\\/\\\/kfumcentral.se\\\/mabast\\\/ma-bast-2\\\/#breadcrumb\"},\"inLanguage\":\"sv-SE\",\"potentialAction\":[{\"@type\":\"ReadAction\",\"target\":[\"https:\\\/\\\/kfumcentral.se\\\/mabast\\\/ma-bast-2\\\/\"]}]},{\"@type\":\"BreadcrumbList\",\"@id\":\"https:\\\/\\\/kfumcentral.se\\\/mabast\\\/ma-bast-2\\\/#breadcrumb\",\"itemListElement\":[{\"@type\":\"ListItem\",\"position\":1,\"name\":\"Hem\",\"item\":\"https:\\\/\\\/kfumcentral.se\\\/mabast\\\/\"},{\"@type\":\"ListItem\",\"position\":2,\"name\":\"Att M\u00e5 b\u00e4st\"}]},{\"@type\":\"WebSite\",\"@id\":\"https:\\\/\\\/kfumcentral.se\\\/mabast\\\/#website\",\"url\":\"https:\\\/\\\/kfumcentral.se\\\/mabast\\\/\",\"name\":\"KFUM Central - M\u00e5 b\u00e4st\",\"description\":\"Empowering Young People\",\"potentialAction\":[{\"@type\":\"SearchAction\",\"target\":{\"@type\":\"EntryPoint\",\"urlTemplate\":\"https:\\\/\\\/kfumcentral.se\\\/mabast\\\/?s={search_term_string}\"},\"query-input\":{\"@type\":\"PropertyValueSpecification\",\"valueRequired\":true,\"valueName\":\"search_term_string\"}}],\"inLanguage\":\"sv-SE\"}]}<\/script>\n<!-- \/ Yoast SEO plugin. -->","yoast_head_json":{"title":"Att M\u00e5 b\u00e4st - KFUM Central - M\u00e5 b\u00e4st","robots":{"index":"index","follow":"follow","max-snippet":"max-snippet:-1","max-image-preview":"max-image-preview:large","max-video-preview":"max-video-preview:-1"},"canonical":"https:\/\/kfumcentral.se\/mabast\/ma-bast-2\/","og_locale":"sv_SE","og_type":"article","og_title":"Att M\u00e5 b\u00e4st - KFUM Central - M\u00e5 b\u00e4st","og_url":"https:\/\/kfumcentral.se\/mabast\/ma-bast-2\/","og_site_name":"KFUM Central - M\u00e5 b\u00e4st","article_modified_time":"2024-03-15T13:08:41+00:00","twitter_card":"summary_large_image","schema":{"@context":"https:\/\/schema.org","@graph":[{"@type":"WebPage","@id":"https:\/\/kfumcentral.se\/mabast\/ma-bast-2\/","url":"https:\/\/kfumcentral.se\/mabast\/ma-bast-2\/","name":"Att M\u00e5 b\u00e4st - KFUM Central - M\u00e5 b\u00e4st","isPartOf":{"@id":"https:\/\/kfumcentral.se\/mabast\/#website"},"datePublished":"2024-03-11T13:20:37+00:00","dateModified":"2024-03-15T13:08:41+00:00","breadcrumb":{"@id":"https:\/\/kfumcentral.se\/mabast\/ma-bast-2\/#breadcrumb"},"inLanguage":"sv-SE","potentialAction":[{"@type":"ReadAction","target":["https:\/\/kfumcentral.se\/mabast\/ma-bast-2\/"]}]},{"@type":"BreadcrumbList","@id":"https:\/\/kfumcentral.se\/mabast\/ma-bast-2\/#breadcrumb","itemListElement":[{"@type":"ListItem","position":1,"name":"Hem","item":"https:\/\/kfumcentral.se\/mabast\/"},{"@type":"ListItem","position":2,"name":"Att M\u00e5 b\u00e4st"}]},{"@type":"WebSite","@id":"https:\/\/kfumcentral.se\/mabast\/#website","url":"https:\/\/kfumcentral.se\/mabast\/","name":"KFUM Central - M\u00e5 b\u00e4st","description":"Empowering Young People","potentialAction":[{"@type":"SearchAction","target":{"@type":"EntryPoint","urlTemplate":"https:\/\/kfumcentral.se\/mabast\/?s={search_term_string}"},"query-input":{"@type":"PropertyValueSpecification","valueRequired":true,"valueName":"search_term_string"}}],"inLanguage":"sv-SE"}]}},"_links":{"self":[{"href":"https:\/\/kfumcentral.se\/mabast\/wp-json\/wp\/v2\/pages\/2007","targetHints":{"allow":["GET"]}}],"collection":[{"href":"https:\/\/kfumcentral.se\/mabast\/wp-json\/wp\/v2\/pages"}],"about":[{"href":"https:\/\/kfumcentral.se\/mabast\/wp-json\/wp\/v2\/types\/page"}],"author":[{"embeddable":true,"href":"https:\/\/kfumcentral.se\/mabast\/wp-json\/wp\/v2\/users\/62"}],"replies":[{"embeddable":true,"href":"https:\/\/kfumcentral.se\/mabast\/wp-json\/wp\/v2\/comments?post=2007"}],"version-history":[{"count":23,"href":"https:\/\/kfumcentral.se\/mabast\/wp-json\/wp\/v2\/pages\/2007\/revisions"}],"predecessor-version":[{"id":2205,"href":"https:\/\/kfumcentral.se\/mabast\/wp-json\/wp\/v2\/pages\/2007\/revisions\/2205"}],"wp:attachment":[{"href":"https:\/\/kfumcentral.se\/mabast\/wp-json\/wp\/v2\/media?parent=2007"}],"curies":[{"name":"wp","href":"https:\/\/api.w.org\/{rel}","templated":true}]}}