{"id":235,"date":"2022-06-28T15:09:40","date_gmt":"2022-06-28T13:09:40","guid":{"rendered":"https:\/\/kfumcentral.se\/mabast\/?page_id=235"},"modified":"2024-04-02T09:44:23","modified_gmt":"2024-04-02T07:44:23","slug":"behover-du-hjalp","status":"publish","type":"page","link":"https:\/\/kfumcentral.se\/mabast\/behover-du-hjalp\/","title":{"rendered":"Beh\u00f6ver du st\u00f6d"},"content":{"rendered":"","protected":false},"excerpt":{"rendered":"","protected":false},"author":1,"featured_media":0,"parent":0,"menu_order":0,"comment_status":"closed","ping_status":"closed","template":"","meta":{"_acf_changed":false,"inline_featured_image":false,"_monsterinsights_skip_tracking":false,"_monsterinsights_sitenote_active":false,"_monsterinsights_sitenote_note":"","_monsterinsights_sitenote_category":0,"footnotes":""},"class_list":["post-235","page","type-page","status-publish","hentry"],"acf":[],"yoast_head":"<!-- This site is optimized with the Yoast SEO plugin v27.4 - https:\/\/yoast.com\/product\/yoast-seo-wordpress\/ -->\n<title>Beh\u00f6ver du st\u00f6d - KFUM Central - M\u00e5 b\u00e4st<\/title>\n<meta name=\"robots\" content=\"index, follow, max-snippet:-1, max-image-preview:large, max-video-preview:-1\" \/>\n<link rel=\"canonical\" href=\"https:\/\/kfumcentral.se\/mabast\/behover-du-hjalp\/\" \/>\n<meta property=\"og:locale\" content=\"sv_SE\" \/>\n<meta property=\"og:type\" content=\"article\" \/>\n<meta property=\"og:title\" content=\"Beh\u00f6ver du st\u00f6d - KFUM Central - M\u00e5 b\u00e4st\" \/>\n<meta property=\"og:url\" content=\"https:\/\/kfumcentral.se\/mabast\/behover-du-hjalp\/\" \/>\n<meta property=\"og:site_name\" content=\"KFUM Central - M\u00e5 b\u00e4st\" \/>\n<meta property=\"article:modified_time\" content=\"2024-04-02T07:44:23+00:00\" \/>\n<meta name=\"twitter:card\" content=\"summary_large_image\" \/>\n<script type=\"application\/ld+json\" class=\"yoast-schema-graph\">{\"@context\":\"https:\\\/\\\/schema.org\",\"@graph\":[{\"@type\":\"WebPage\",\"@id\":\"https:\\\/\\\/kfumcentral.se\\\/mabast\\\/behover-du-hjalp\\\/\",\"url\":\"https:\\\/\\\/kfumcentral.se\\\/mabast\\\/behover-du-hjalp\\\/\",\"name\":\"Beh\u00f6ver du st\u00f6d - KFUM Central - M\u00e5 b\u00e4st\",\"isPartOf\":{\"@id\":\"https:\\\/\\\/kfumcentral.se\\\/mabast\\\/#website\"},\"datePublished\":\"2022-06-28T13:09:40+00:00\",\"dateModified\":\"2024-04-02T07:44:23+00:00\",\"breadcrumb\":{\"@id\":\"https:\\\/\\\/kfumcentral.se\\\/mabast\\\/behover-du-hjalp\\\/#breadcrumb\"},\"inLanguage\":\"sv-SE\",\"potentialAction\":[{\"@type\":\"ReadAction\",\"target\":[\"https:\\\/\\\/kfumcentral.se\\\/mabast\\\/behover-du-hjalp\\\/\"]}]},{\"@type\":\"BreadcrumbList\",\"@id\":\"https:\\\/\\\/kfumcentral.se\\\/mabast\\\/behover-du-hjalp\\\/#breadcrumb\",\"itemListElement\":[{\"@type\":\"ListItem\",\"position\":1,\"name\":\"Hem\",\"item\":\"https:\\\/\\\/kfumcentral.se\\\/mabast\\\/\"},{\"@type\":\"ListItem\",\"position\":2,\"name\":\"Beh\u00f6ver du st\u00f6d\"}]},{\"@type\":\"WebSite\",\"@id\":\"https:\\\/\\\/kfumcentral.se\\\/mabast\\\/#website\",\"url\":\"https:\\\/\\\/kfumcentral.se\\\/mabast\\\/\",\"name\":\"KFUM Central - M\u00e5 b\u00e4st\",\"description\":\"Empowering Young People\",\"potentialAction\":[{\"@type\":\"SearchAction\",\"target\":{\"@type\":\"EntryPoint\",\"urlTemplate\":\"https:\\\/\\\/kfumcentral.se\\\/mabast\\\/?s={search_term_string}\"},\"query-input\":{\"@type\":\"PropertyValueSpecification\",\"valueRequired\":true,\"valueName\":\"search_term_string\"}}],\"inLanguage\":\"sv-SE\"}]}<\/script>\n<!-- \/ Yoast SEO plugin. -->","yoast_head_json":{"title":"Beh\u00f6ver du st\u00f6d - KFUM Central - M\u00e5 b\u00e4st","robots":{"index":"index","follow":"follow","max-snippet":"max-snippet:-1","max-image-preview":"max-image-preview:large","max-video-preview":"max-video-preview:-1"},"canonical":"https:\/\/kfumcentral.se\/mabast\/behover-du-hjalp\/","og_locale":"sv_SE","og_type":"article","og_title":"Beh\u00f6ver du st\u00f6d - KFUM Central - M\u00e5 b\u00e4st","og_url":"https:\/\/kfumcentral.se\/mabast\/behover-du-hjalp\/","og_site_name":"KFUM Central - M\u00e5 b\u00e4st","article_modified_time":"2024-04-02T07:44:23+00:00","twitter_card":"summary_large_image","schema":{"@context":"https:\/\/schema.org","@graph":[{"@type":"WebPage","@id":"https:\/\/kfumcentral.se\/mabast\/behover-du-hjalp\/","url":"https:\/\/kfumcentral.se\/mabast\/behover-du-hjalp\/","name":"Beh\u00f6ver du st\u00f6d - KFUM Central - M\u00e5 b\u00e4st","isPartOf":{"@id":"https:\/\/kfumcentral.se\/mabast\/#website"},"datePublished":"2022-06-28T13:09:40+00:00","dateModified":"2024-04-02T07:44:23+00:00","breadcrumb":{"@id":"https:\/\/kfumcentral.se\/mabast\/behover-du-hjalp\/#breadcrumb"},"inLanguage":"sv-SE","potentialAction":[{"@type":"ReadAction","target":["https:\/\/kfumcentral.se\/mabast\/behover-du-hjalp\/"]}]},{"@type":"BreadcrumbList","@id":"https:\/\/kfumcentral.se\/mabast\/behover-du-hjalp\/#breadcrumb","itemListElement":[{"@type":"ListItem","position":1,"name":"Hem","item":"https:\/\/kfumcentral.se\/mabast\/"},{"@type":"ListItem","position":2,"name":"Beh\u00f6ver du st\u00f6d"}]},{"@type":"WebSite","@id":"https:\/\/kfumcentral.se\/mabast\/#website","url":"https:\/\/kfumcentral.se\/mabast\/","name":"KFUM Central - M\u00e5 b\u00e4st","description":"Empowering Young People","potentialAction":[{"@type":"SearchAction","target":{"@type":"EntryPoint","urlTemplate":"https:\/\/kfumcentral.se\/mabast\/?s={search_term_string}"},"query-input":{"@type":"PropertyValueSpecification","valueRequired":true,"valueName":"search_term_string"}}],"inLanguage":"sv-SE"}]}},"_links":{"self":[{"href":"https:\/\/kfumcentral.se\/mabast\/wp-json\/wp\/v2\/pages\/235","targetHints":{"allow":["GET"]}}],"collection":[{"href":"https:\/\/kfumcentral.se\/mabast\/wp-json\/wp\/v2\/pages"}],"about":[{"href":"https:\/\/kfumcentral.se\/mabast\/wp-json\/wp\/v2\/types\/page"}],"author":[{"embeddable":true,"href":"https:\/\/kfumcentral.se\/mabast\/wp-json\/wp\/v2\/users\/1"}],"replies":[{"embeddable":true,"href":"https:\/\/kfumcentral.se\/mabast\/wp-json\/wp\/v2\/comments?post=235"}],"version-history":[{"count":44,"href":"https:\/\/kfumcentral.se\/mabast\/wp-json\/wp\/v2\/pages\/235\/revisions"}],"predecessor-version":[{"id":2362,"href":"https:\/\/kfumcentral.se\/mabast\/wp-json\/wp\/v2\/pages\/235\/revisions\/2362"}],"wp:attachment":[{"href":"https:\/\/kfumcentral.se\/mabast\/wp-json\/wp\/v2\/media?parent=235"}],"curies":[{"name":"wp","href":"https:\/\/api.w.org\/{rel}","templated":true}]}}